{"id":8778,"date":"2025-12-05T14:58:14","date_gmt":"2025-12-05T06:58:14","guid":{"rendered":"https:\/\/supelectron.com\/?page_id=8778"},"modified":"2025-12-05T15:12:40","modified_gmt":"2025-12-05T07:12:40","slug":"laptop-screen-panel-distributor","status":"publish","type":"page","link":"https:\/\/supelectron.com\/pt\/laptop-screen-panel-distributor\/","title":{"rendered":"Distribuidor de telas para laptops e notebooks"},"content":{"rendered":"\t\t<div data-elementor-type=\"wp-page\" data-elementor-id=\"8778\" class=\"elementor elementor-8778\" data-elementor-post-type=\"page\">\n\t\t\t\t<div class=\"elementor-element elementor-element-4c80dcf e-con-full e-flex e-con e-parent\" data-id=\"4c80dcf\" data-element_type=\"container\" data-e-type=\"container\">\n\t\t\t\t<div class=\"elementor-element elementor-element-5208656 elementor-widget elementor-widget-image\" data-id=\"5208656\" data-element_type=\"widget\" data-e-type=\"widget\" data-widget_type=\"image.default\">\n\t\t\t\t<div class=\"elementor-widget-container\">\n\t\t\t\t\t\t\t\t\t\t\t\t\t\t\t<img loading=\"lazy\" decoding=\"async\" width=\"1920\" height=\"649\" src=\"https:\/\/supelectron.com\/wp-content\/uploads\/2025\/12\/Laptop-Screen-Supplier.webp\" class=\"attachment-full size-full wp-image-8779\" alt=\"Laptop Screen Supplier\" srcset=\"https:\/\/supelectron.com\/wp-content\/uploads\/2025\/12\/Laptop-Screen-Supplier.webp 1920w, https:\/\/supelectron.com\/wp-content\/uploads\/2025\/12\/Laptop-Screen-Supplier-300x101.webp 300w, https:\/\/supelectron.com\/wp-content\/uploads\/2025\/12\/Laptop-Screen-Supplier-1024x346.webp 1024w, https:\/\/supelectron.com\/wp-content\/uploads\/2025\/12\/Laptop-Screen-Supplier-768x260.webp 768w, https:\/\/supelectron.com\/wp-content\/uploads\/2025\/12\/Laptop-Screen-Supplier-1536x519.webp 1536w, https:\/\/supelectron.com\/wp-content\/uploads\/2025\/12\/Laptop-Screen-Supplier-1000x338.webp 1000w\" sizes=\"auto, (max-width: 1920px) 100vw, 1920px\" loading=\"lazy\" \/>\t\t\t\t\t\t\t\t\t\t\t\t\t\t\t<\/div>\n\t\t\t\t<\/div>\n\t\t\t\t<\/div>\n\t\t<div class=\"elementor-element elementor-element-212b48c e-flex e-con-boxed e-con e-parent\" data-id=\"212b48c\" data-element_type=\"container\" data-e-type=\"container\">\n\t\t\t\t\t<div class=\"e-con-inner\">\n\t\t\t\t<div class=\"elementor-element elementor-element-2789dff elementor-widget elementor-widget-heading\" data-id=\"2789dff\" data-element_type=\"widget\" data-e-type=\"widget\" data-widget_type=\"heading.default\">\n\t\t\t\t<div class=\"elementor-widget-container\">\n\t\t\t\t\t<h1 class=\"elementor-heading-title elementor-size-default\">Premium Laptop LCD &amp; LED Screen Panels \u2013 Bulk Supply for Distributors &amp; Repair Shops<\/h1>\t\t\t\t<\/div>\n\t\t\t\t<\/div>\n\t\t\t\t<div class=\"elementor-element elementor-element-e368a03 elementor-widget elementor-widget-text-editor\" data-id=\"e368a03\" data-element_type=\"widget\" data-e-type=\"widget\" data-widget_type=\"text-editor.default\">\n\t\t\t\t<div class=\"elementor-widget-container\">\n\t\t\t\t\t\t\t\t\t<p>As a trusted wholesale distributor of laptop display panels, we deliver <strong>A-grade, high-compatibility screens<\/strong> in volume\u2014backed by fast shipping, technical documentation, and B2B pricing for resellers and service centers worldwide.<\/p>\t\t\t\t\t\t\t\t<\/div>\n\t\t\t\t<\/div>\n\t\t\t\t<div class=\"elementor-element elementor-element-1b6a4d6 elementor-widget elementor-widget-heading\" data-id=\"1b6a4d6\" data-element_type=\"widget\" data-e-type=\"widget\" data-widget_type=\"heading.default\">\n\t\t\t\t<div class=\"elementor-widget-container\">\n\t\t\t\t\t<h2 class=\"elementor-heading-title elementor-size-default\">Why Partner With SUP for Laptop Screen Panels?<\/h2>\t\t\t\t<\/div>\n\t\t\t\t<\/div>\n\t\t\t\t<div class=\"elementor-element elementor-element-5588578 elementor-widget elementor-widget-heading\" data-id=\"5588578\" data-element_type=\"widget\" data-e-type=\"widget\" data-widget_type=\"heading.default\">\n\t\t\t\t<div class=\"elementor-widget-container\">\n\t\t\t\t\t<h3 class=\"elementor-heading-title elementor-size-default\">Extensive Inventory Across All Major Brands &amp; Models<\/h3>\t\t\t\t<\/div>\n\t\t\t\t<\/div>\n\t\t\t\t<div class=\"elementor-element elementor-element-293c95d elementor-widget elementor-widget-text-editor\" data-id=\"293c95d\" data-element_type=\"widget\" data-e-type=\"widget\" data-widget_type=\"text-editor.default\">\n\t\t\t\t<div class=\"elementor-widget-container\">\n\t\t\t\t\t\t\t\t\t<p data-spm-anchor-id=\"5176.28103460.0.i44.38f97d83vqJqcF\">We stock thousands of SKUs covering <strong>Dell, HP, Lenovo, Apple, ASUS, Acer, Samsung, Microsoft Surface<\/strong>, and more. From 11.6&#8243; Chromebook displays to 17.3&#8243; gaming laptop panels\u2014find the exact replacement you need, when you need it.<\/p>\t\t\t\t\t\t\t\t<\/div>\n\t\t\t\t<\/div>\n\t\t\t\t<div class=\"elementor-element elementor-element-6f2a4d9 elementor-widget elementor-widget-heading\" data-id=\"6f2a4d9\" data-element_type=\"widget\" data-e-type=\"widget\" data-widget_type=\"heading.default\">\n\t\t\t\t<div class=\"elementor-widget-container\">\n\t\t\t\t\t<h3 class=\"elementor-heading-title elementor-size-default\">Guaranteed Compatibility &amp; Quality Control<\/h3>\t\t\t\t<\/div>\n\t\t\t\t<\/div>\n\t\t\t\t<div class=\"elementor-element elementor-element-4370fc2 elementor-widget elementor-widget-text-editor\" data-id=\"4370fc2\" data-element_type=\"widget\" data-e-type=\"widget\" data-widget_type=\"text-editor.default\">\n\t\t\t\t<div class=\"elementor-widget-container\">\n\t\t\t\t\t\t\t\t\t<p data-spm-anchor-id=\"5176.28103460.0.i46.38f97d83vqJqcF\">Every screen panel is:<\/p><ul><li>Tested for backlight uniformity, dead pixels, color accuracy, and connector integrity<\/li><li>Matched to original manufacturer specifications (resolution, refresh rate, brightness, mounting holes)<\/li><li>Supplied with clear labeling of model number, interface type (e.g., eDP 30-pin, LVDS), and voltage<\/li><\/ul>\t\t\t\t\t\t\t\t<\/div>\n\t\t\t\t<\/div>\n\t\t\t\t<div class=\"elementor-element elementor-element-231073e elementor-widget elementor-widget-heading\" data-id=\"231073e\" data-element_type=\"widget\" data-e-type=\"widget\" data-widget_type=\"heading.default\">\n\t\t\t\t<div class=\"elementor-widget-container\">\n\t\t\t\t\t<h3 class=\"elementor-heading-title elementor-size-default\">Built for B2B Efficiency<\/h3>\t\t\t\t<\/div>\n\t\t\t\t<\/div>\n\t\t\t\t<div class=\"elementor-element elementor-element-b9b51d1 elementor-widget elementor-widget-text-editor\" data-id=\"b9b51d1\" data-element_type=\"widget\" data-e-type=\"widget\" data-widget_type=\"text-editor.default\">\n\t\t\t\t<div class=\"elementor-widget-container\">\n\t\t\t\t\t\t\t\t\t<ul data-spm-anchor-id=\"5176.28103460.0.i49.38f97d83vqJqcF\"><li><img loading=\"lazy\" decoding=\"async\" decoding=\"async\" class=\"emoji\" role=\"img\" draggable=\"false\" src=\"https:\/\/s.w.org\/images\/core\/emoji\/17.0.2\/svg\/2705.svg\" alt=\"\u2705\" \/>\u00a0<strong>Bulk orders welcome<\/strong>\u00a0\u2013 low MOQs, volume discounts<\/li><li><img loading=\"lazy\" decoding=\"async\" decoding=\"async\" class=\"emoji\" role=\"img\" draggable=\"false\" src=\"https:\/\/s.w.org\/images\/core\/emoji\/17.0.2\/svg\/2705.svg\" alt=\"\u2705\" \/> Full access to\u00a0<strong>compatibility charts<\/strong>, datasheets, and installation guides<\/li><li data-spm-anchor-id=\"5176.28103460.0.i50.38f97d83vqJqcF\"><img loading=\"lazy\" decoding=\"async\" decoding=\"async\" class=\"emoji\" role=\"img\" draggable=\"false\" src=\"https:\/\/s.w.org\/images\/core\/emoji\/17.0.2\/svg\/2705.svg\" alt=\"\u2705\" \/> Dedicated support for distributors &amp; repair chains<\/li><\/ul>\t\t\t\t\t\t\t\t<\/div>\n\t\t\t\t<\/div>\n\t\t\t\t<div class=\"elementor-element elementor-element-b667a09 elementor-widget elementor-widget-heading\" data-id=\"b667a09\" data-element_type=\"widget\" data-e-type=\"widget\" data-widget_type=\"heading.default\">\n\t\t\t\t<div class=\"elementor-widget-container\">\n\t\t\t\t\t<h2 class=\"elementor-heading-title elementor-size-default\">Technical Specifications We Supply<\/h2>\t\t\t\t<\/div>\n\t\t\t\t<\/div>\n\t\t\t\t<div class=\"elementor-element elementor-element-f50c0c9 elementor-widget elementor-widget-heading\" data-id=\"f50c0c9\" data-element_type=\"widget\" data-e-type=\"widget\" data-widget_type=\"heading.default\">\n\t\t\t\t<div class=\"elementor-widget-container\">\n\t\t\t\t\t<h3 class=\"elementor-heading-title elementor-size-default\">Panel Types &amp; Technologies<\/h3>\t\t\t\t<\/div>\n\t\t\t\t<\/div>\n\t\t\t\t<div class=\"elementor-element elementor-element-ced5c5a elementor-widget elementor-widget-text-editor\" data-id=\"ced5c5a\" data-element_type=\"widget\" data-e-type=\"widget\" data-widget_type=\"text-editor.default\">\n\t\t\t\t<div class=\"elementor-widget-container\">\n\t\t\t\t\t\t\t\t\t<ul data-spm-anchor-id=\"5176.28103460.0.i55.38f97d83vqJqcF\"><li><strong>IPS Panels<\/strong>: Wide viewing angles, accurate colors \u2013 ideal for creative &amp; business laptops<\/li><li data-spm-anchor-id=\"5176.28103460.0.i54.38f97d83vqJqcF\"><strong>TN Panels<\/strong>: Cost-effective, fast response \u2013 common in budget &amp; enterprise models<\/li><\/ul>\t\t\t\t\t\t\t\t<\/div>\n\t\t\t\t<\/div>\n\t\t\t\t<div class=\"elementor-element elementor-element-99741ea elementor-widget elementor-widget-heading\" data-id=\"99741ea\" data-element_type=\"widget\" data-e-type=\"widget\" data-widget_type=\"heading.default\">\n\t\t\t\t<div class=\"elementor-widget-container\">\n\t\t\t\t\t<h3 class=\"elementor-heading-title elementor-size-default\">Key Display Options<\/h3>\t\t\t\t<\/div>\n\t\t\t\t<\/div>\n\t\t\t\t<div class=\"elementor-element elementor-element-afbbe67 elementor-widget elementor-widget-text-editor\" data-id=\"afbbe67\" data-element_type=\"widget\" data-e-type=\"widget\" data-widget_type=\"text-editor.default\">\n\t\t\t\t<div class=\"elementor-widget-container\">\n\t\t\t\t\t\t\t\t\t<ul><li><strong data-spm-anchor-id=\"5176.28103460.0.i58.38f97d83vqJqcF\">Sizes<\/strong>: 11.6&#8243;, 12.5&#8243;, 13.3&#8243;, 14.0&#8243;, 15.6&#8243;, 16.0&#8243;, 17.3&#8243;, 18.4&#8243;<\/li><li><strong>Resolutions<\/strong>: HD (1366\u00d7768), Full HD (1920\u00d71080), QHD (2560\u00d71440), 4K UHD (3840\u00d72160)<\/li><li><strong>Features<\/strong>: Anti-glare \/ glossy finish, touch-enabled (capacitive), narrow bezel, 60Hz \/ 120Hz \/ 144Hz refresh rates<\/li><\/ul>\t\t\t\t\t\t\t\t<\/div>\n\t\t\t\t<\/div>\n\t\t\t\t<div class=\"elementor-element elementor-element-70b2f6b elementor-widget elementor-widget-heading\" data-id=\"70b2f6b\" data-element_type=\"widget\" data-e-type=\"widget\" data-widget_type=\"heading.default\">\n\t\t\t\t<div class=\"elementor-widget-container\">\n\t\t\t\t\t<h2 class=\"elementor-heading-title elementor-size-default\">Designed for Your Business Workflow<\/h2>\t\t\t\t<\/div>\n\t\t\t\t<\/div>\n\t\t\t\t<div class=\"elementor-element elementor-element-e4e1a76 elementor-widget elementor-widget-heading\" data-id=\"e4e1a76\" data-element_type=\"widget\" data-e-type=\"widget\" data-widget_type=\"heading.default\">\n\t\t\t\t<div class=\"elementor-widget-container\">\n\t\t\t\t\t<h3 class=\"elementor-heading-title elementor-size-default\">For Distributors<\/h3>\t\t\t\t<\/div>\n\t\t\t\t<\/div>\n\t\t\t\t<div class=\"elementor-element elementor-element-843a8fb elementor-widget elementor-widget-text-editor\" data-id=\"843a8fb\" data-element_type=\"widget\" data-e-type=\"widget\" data-widget_type=\"text-editor.default\">\n\t\t\t\t<div class=\"elementor-widget-container\">\n\t\t\t\t\t\t\t\t\t<p>Scale your inventory with our just-in-time supply model. Access real-time stock levels, request custom packaging, and benefit from quarterly pricing reviews based on order volume.<\/p>\t\t\t\t\t\t\t\t<\/div>\n\t\t\t\t<\/div>\n\t\t\t\t<div class=\"elementor-element elementor-element-a828c4c elementor-widget-divider--view-line elementor-widget elementor-widget-divider\" data-id=\"a828c4c\" data-element_type=\"widget\" data-e-type=\"widget\" data-widget_type=\"divider.default\">\n\t\t\t\t<div class=\"elementor-widget-container\">\n\t\t\t\t\t\t\t<div class=\"elementor-divider\">\n\t\t\t<span class=\"elementor-divider-separator\">\n\t\t\t\t\t\t<\/span>\n\t\t<\/div>\n\t\t\t\t\t\t<\/div>\n\t\t\t\t<\/div>\n\t\t\t\t<div class=\"elementor-element elementor-element-b77a8fc elementor-widget elementor-widget-heading\" data-id=\"b77a8fc\" data-element_type=\"widget\" data-e-type=\"widget\" data-widget_type=\"heading.default\">\n\t\t\t\t<div class=\"elementor-widget-container\">\n\t\t\t\t\t<h2 class=\"elementor-heading-title elementor-size-default\">Contact US<\/h2>\t\t\t\t<\/div>\n\t\t\t\t<\/div>\n\t\t\t\t<div class=\"elementor-element elementor-element-d2520ce elementor-widget elementor-widget-wpforms\" data-id=\"d2520ce\" data-element_type=\"widget\" data-e-type=\"widget\" data-widget_type=\"wpforms.default\">\n\t\t\t\t<div class=\"elementor-widget-container\">\n\t\t\t\t\t<div class=\"wpforms-container \" id=\"wpforms-3183\"><form id=\"wpforms-form-3183\" class=\"wpforms-validate wpforms-form\" data-formid=\"3183\" method=\"post\" enctype=\"multipart\/form-data\" action=\"\/pt\/wp-json\/wp\/v2\/pages\/8778\" data-token=\"0201a4d6d3b0dfc7826a979e7e0c3116\" data-token-time=\"1776320110\"><noscript class=\"wpforms-error-noscript\">Ative o JavaScript no seu navegador para preencher este formul\u00e1rio.<\/noscript><div class=\"wpforms-field-container\"><div id=\"wpforms-3183-field_0-container\" class=\"wpforms-field wpforms-field-name\" data-field-id=\"0\"><label class=\"wpforms-field-label\" for=\"wpforms-3183-field_0\">Name <span class=\"wpforms-required-label\">*<\/span><\/label><input type=\"text\" id=\"wpforms-3183-field_0\" class=\"wpforms-field-small wpforms-field-required\" name=\"wpforms[fields][0]\" placeholder=\"Name\" required><\/div><div id=\"wpforms-3183-field_5-container\" class=\"wpforms-field wpforms-field-text\" data-field-id=\"5\"><label class=\"wpforms-field-label\" for=\"wpforms-3183-field_5\">Whatsapp (Optional\uff09<\/label><input type=\"text\" id=\"wpforms-3183-field_5\" class=\"wpforms-field-medium\" name=\"wpforms[fields][5]\" placeholder=\"For more convenient and direct to contact you\" ><\/div><div id=\"wpforms-3183-field_4-container\" class=\"wpforms-field wpforms-field-email\" data-field-id=\"4\"><label class=\"wpforms-field-label\" for=\"wpforms-3183-field_4\">Email <span class=\"wpforms-required-label\">*<\/span><\/label><input type=\"email\" id=\"wpforms-3183-field_4\" class=\"wpforms-field-small wpforms-field-required\" name=\"wpforms[fields][4]\" placeholder=\"Email\" spellcheck=\"false\" required><\/div><div id=\"wpforms-3183-field_2-container\" class=\"wpforms-field wpforms-field-textarea\" data-field-id=\"2\"><label class=\"wpforms-field-label\" for=\"wpforms-3183-field_2\">Message <span class=\"wpforms-required-label\">*<\/span><\/label><textarea id=\"wpforms-3183-field_2\" class=\"wpforms-field-small wpforms-field-required\" name=\"wpforms[fields][2]\" placeholder=\"&quot;We supply reliable OEM laptop accessories (batteries, chargers, screens, keyboards, fans). Let us know your specific product needs, target pricing, and quantity\u2014we\u2019ll customize a solution for you!&quot;\u200b\" required><\/textarea><\/div><\/div><!-- .wpforms-field-container --><div class=\"wpforms-field wpforms-field-hp\"><label for=\"wpforms-3183-field-hp\" class=\"wpforms-field-label\">Email<\/label><input type=\"text\" name=\"wpforms[hp]\" id=\"wpforms-3183-field-hp\" class=\"wpforms-field-medium\"><\/div><div class=\"wpforms-submit-container\" ><input type=\"hidden\" name=\"wpforms[id]\" value=\"3183\"><input type=\"hidden\" name=\"page_title\" value=\"\"><input type=\"hidden\" name=\"page_url\" value=\"https:\/\/supelectron.com\/pt\/wp-json\/wp\/v2\/pages\/8778\"><input type=\"hidden\" name=\"url_referer\" value=\"\"><button type=\"submit\" name=\"wpforms[submit]\" id=\"wpforms-submit-3183\" class=\"wpforms-submit\" data-alt-text=\"Sending...\" data-submit-text=\"Send Now\" aria-live=\"assertive\" value=\"wpforms-submit\">Send Now<\/button><\/div><\/form><\/div>  <!-- .wpforms-container -->\t\t\t\t<\/div>\n\t\t\t\t<\/div>\n\t\t\t\t\t<\/div>\n\t\t\t\t<\/div>\n\t\t\t\t<\/div>\n\t\t","protected":false},"excerpt":{"rendered":"<p>Premium Laptop LCD &amp; LED Screen Panels \u2013 Bulk Supply for Distributors &amp; Repair Shops As a trusted wholesale distributor [&hellip;]<\/p>\n","protected":false},"author":1,"featured_media":0,"parent":0,"menu_order":0,"comment_status":"closed","ping_status":"closed","template":"","meta":{"_seopress_robots_primary_cat":"0","_seopress_titles_title":"Laptop Screen Panel Distributor | Bulk OEM LCD\/LED Panels","_seopress_titles_desc":"Wholesale laptop screen panel distributor offering OEM-grade LCD\/LED displays in bulk. Fast shipping, full compatibility data &amp; B2B pricing for distributors &amp; repair centers.","_seopress_robots_index":"","site-sidebar-layout":"no-sidebar","site-content-layout":"page-builder","ast-site-content-layout":"full-width-container","site-content-style":"unboxed","site-sidebar-style":"unboxed","ast-global-header-display":"","ast-banner-title-visibility":"","ast-main-header-display":"","ast-hfb-above-header-display":"","ast-hfb-below-header-display":"","ast-hfb-mobile-header-display":"","site-post-title":"","ast-breadcrumbs-content":"","ast-featured-img":"disabled","footer-sml-layout":"","theme-transparent-header-meta":"","adv-header-id-meta":"","stick-header-meta":"","header-above-stick-meta":"","header-main-stick-meta":"","header-below-stick-meta":"","astra-migrate-meta-layouts":"set","ast-page-background-enabled":"default","ast-page-background-meta":{"desktop":{"background-color":"","background-image":"","background-repeat":"repeat","background-position":"center center","background-size":"auto","background-attachment":"scroll","background-type":"","background-media":"","overlay-type":"","overlay-color":"","overlay-opacity":"","overlay-gradient":""},"tablet":{"background-color":"","background-image":"","background-repeat":"repeat","background-position":"center center","background-size":"auto","background-attachment":"scroll","background-type":"","background-media":"","overlay-type":"","overlay-color":"","overlay-opacity":"","overlay-gradient":""},"mobile":{"background-color":"","background-image":"","background-repeat":"repeat","background-position":"center center","background-size":"auto","background-attachment":"scroll","background-type":"","background-media":"","overlay-type":"","overlay-color":"","overlay-opacity":"","overlay-gradient":""}},"ast-content-background-meta":{"desktop":{"background-color":"var(--ast-global-color-5)","background-image":"","background-repeat":"repeat","background-position":"center center","background-size":"auto","background-attachment":"scroll","background-type":"","background-media":"","overlay-type":"","overlay-color":"","overlay-opacity":"","overlay-gradient":""},"tablet":{"background-color":"var(--ast-global-color-5)","background-image":"","background-repeat":"repeat","background-position":"center center","background-size":"auto","background-attachment":"scroll","background-type":"","background-media":"","overlay-type":"","overlay-color":"","overlay-opacity":"","overlay-gradient":""},"mobile":{"background-color":"var(--ast-global-color-5)","background-image":"","background-repeat":"repeat","background-position":"center center","background-size":"auto","background-attachment":"scroll","background-type":"","background-media":"","overlay-type":"","overlay-color":"","overlay-opacity":"","overlay-gradient":""}},"footnotes":""},"class_list":["post-8778","page","type-page","status-publish","hentry"],"_links":{"self":[{"href":"https:\/\/supelectron.com\/pt\/wp-json\/wp\/v2\/pages\/8778","targetHints":{"allow":["GET"]}}],"collection":[{"href":"https:\/\/supelectron.com\/pt\/wp-json\/wp\/v2\/pages"}],"about":[{"href":"https:\/\/supelectron.com\/pt\/wp-json\/wp\/v2\/types\/page"}],"author":[{"embeddable":true,"href":"https:\/\/supelectron.com\/pt\/wp-json\/wp\/v2\/users\/1"}],"replies":[{"embeddable":true,"href":"https:\/\/supelectron.com\/pt\/wp-json\/wp\/v2\/comments?post=8778"}],"version-history":[{"count":7,"href":"https:\/\/supelectron.com\/pt\/wp-json\/wp\/v2\/pages\/8778\/revisions"}],"predecessor-version":[{"id":8788,"href":"https:\/\/supelectron.com\/pt\/wp-json\/wp\/v2\/pages\/8778\/revisions\/8788"}],"wp:attachment":[{"href":"https:\/\/supelectron.com\/pt\/wp-json\/wp\/v2\/media?parent=8778"}],"curies":[{"name":"wp","href":"https:\/\/api.w.org\/{rel}","templated":true}]}}