{"id":8456,"date":"2025-11-19T16:03:39","date_gmt":"2025-11-19T08:03:39","guid":{"rendered":"https:\/\/supelectron.com\/?page_id=8456"},"modified":"2025-12-03T17:09:44","modified_gmt":"2025-12-03T09:09:44","slug":"wholesale-laptop-batteries","status":"publish","type":"page","link":"https:\/\/supelectron.com\/es\/wholesale-laptop-batteries\/","title":{"rendered":"Bater\u00edas OEM para port\u00e1tiles al por mayor: precios al por mayor para distribuidores y talleres de reparaci\u00f3n"},"content":{"rendered":"\t\t<div data-elementor-type=\"wp-page\" data-elementor-id=\"8456\" class=\"elementor elementor-8456\" data-elementor-post-type=\"page\">\n\t\t\t\t<div class=\"elementor-element elementor-element-f9a4e3a e-flex e-con-boxed e-con e-parent\" data-id=\"f9a4e3a\" data-element_type=\"container\" data-e-type=\"container\">\n\t\t\t\t\t<div class=\"e-con-inner\">\n\t\t\t\t<div class=\"elementor-element elementor-element-3e61eac elementor-widget elementor-widget-image\" data-id=\"3e61eac\" data-element_type=\"widget\" data-e-type=\"widget\" data-widget_type=\"image.default\">\n\t\t\t\t<div class=\"elementor-widget-container\">\n\t\t\t\t\t\t\t\t\t\t\t\t\t\t\t<img loading=\"lazy\" decoding=\"async\" width=\"1280\" height=\"720\" src=\"https:\/\/supelectron.com\/wp-content\/uploads\/2025\/11\/Professional-B2B-wholesale-scene-in-a-Shenzhen-OEM-factory.webp\" class=\"attachment-full size-full wp-image-8459\" alt=\"Professional B2B wholesale scene in a Shenzhen OEM factory\" srcset=\"https:\/\/supelectron.com\/wp-content\/uploads\/2025\/11\/Professional-B2B-wholesale-scene-in-a-Shenzhen-OEM-factory.webp 1280w, https:\/\/supelectron.com\/wp-content\/uploads\/2025\/11\/Professional-B2B-wholesale-scene-in-a-Shenzhen-OEM-factory-300x169.webp 300w, https:\/\/supelectron.com\/wp-content\/uploads\/2025\/11\/Professional-B2B-wholesale-scene-in-a-Shenzhen-OEM-factory-1024x576.webp 1024w, https:\/\/supelectron.com\/wp-content\/uploads\/2025\/11\/Professional-B2B-wholesale-scene-in-a-Shenzhen-OEM-factory-768x432.webp 768w, https:\/\/supelectron.com\/wp-content\/uploads\/2025\/11\/Professional-B2B-wholesale-scene-in-a-Shenzhen-OEM-factory-1000x563.webp 1000w\" sizes=\"auto, (max-width: 1280px) 100vw, 1280px\" loading=\"lazy\" \/>\t\t\t\t\t\t\t\t\t\t\t\t\t\t\t<\/div>\n\t\t\t\t<\/div>\n\t\t\t\t<div class=\"elementor-element elementor-element-a9aeb97 elementor-widget elementor-widget-text-editor\" data-id=\"a9aeb97\" data-element_type=\"widget\" data-e-type=\"widget\" data-widget_type=\"text-editor.default\">\n\t\t\t\t<div class=\"elementor-widget-container\">\n\t\t\t\t\t\t\t\t\t<p data-spm-anchor-id=\"5176.28103460.0.i205.6fd57d83TbpO81\">Source <strong>wholesale laptop battery products<\/strong> directly from a certified OEM manufacturer in China\u2014no traders, no hidden markups. We specialize in bulk supply of high-quality replacement batteries for HP, Dell, Lenovo, ASUS, Acer, and more, serving B2B clients worldwide with low MOQs, full compliance, and reliable shipping.<\/p><p>Whether you&#8217;re a distributor, e-commerce seller, or professional repair shop, our <strong>laptop battery wholesale program<\/strong> gives you the cost advantage and supply chain control you need to scale profitably.<\/p><p data-spm-anchor-id=\"5176.28103460.0.i197.6fd57d83TbpO81\">Whether you need 50 units or 5,000, we\u2019ve got you covered.<\/p>\t\t\t\t\t\t\t\t<\/div>\n\t\t\t\t<\/div>\n\t\t\t\t<div class=\"elementor-element elementor-element-476061b elementor-widget elementor-widget-heading\" data-id=\"476061b\" data-element_type=\"widget\" data-e-type=\"widget\" data-widget_type=\"heading.default\">\n\t\t\t\t<div class=\"elementor-widget-container\">\n\t\t\t\t\t<h2 class=\"elementor-heading-title elementor-size-default\">Why Partner With Us?<\/h2>\t\t\t\t<\/div>\n\t\t\t\t<\/div>\n\t\t\t\t<div class=\"elementor-element elementor-element-6d6af2b elementor-widget elementor-widget-text-editor\" data-id=\"6d6af2b\" data-element_type=\"widget\" data-e-type=\"widget\" data-widget_type=\"text-editor.default\">\n\t\t\t\t<div class=\"elementor-widget-container\">\n\t\t\t\t\t\t\t\t\t<p><strong data-spm-anchor-id=\"5176.28103460.0.i208.6fd57d83TbpO81\">Your Trusted Source for Laptop Battery Wholesale in China<\/strong><\/p>\n<ul>\n<li>\n<p data-spm-anchor-id=\"5176.28103460.0.i207.6fd57d83TbpO81\">\ud83c\udfed <strong>True Factory Pricing<\/strong><br>As a Shenzhen-based OEM, we offer the most competitive <strong>wholesale laptop battery<\/strong> rates\u2014because you buy direct, not through resellers.<\/p>\n<\/li>\n<li>\n<p>\ud83c\udf0d <strong>Built for Global Distributors<\/strong><br>We understand the needs of <strong>laptop battery wholesale distributors<\/strong>: consistent quality, accurate model compatibility, and on-time delivery. That\u2019s why 500+ B2B partners rely on us.<\/p>\n<\/li>\n<li>\n<p>\ud83d\udce6 <strong>Flexible Bulk Orders<\/strong><br>Mix models, brands, and capacities. MOQ starts at just 10 pcs per SKU. Ideal for businesses building inventory across multiple laptop lines.<\/p>\n<\/li>\n<li>\n<p>\ud83d\udcd1 <strong>Export-Ready Documentation<\/strong><br>CE, UN38.3, MSDS, and commercial invoices included\u2014ensuring smooth customs clearance in the US, UK, EU, India, and beyond.<\/p><\/li>\n<\/ul>\t\t\t\t\t\t\t\t<\/div>\n\t\t\t\t<\/div>\n\t\t\t\t<div class=\"elementor-element elementor-element-2316bb9 elementor-widget elementor-widget-heading\" data-id=\"2316bb9\" data-element_type=\"widget\" data-e-type=\"widget\" data-widget_type=\"heading.default\">\n\t\t\t\t<div class=\"elementor-widget-container\">\n\t\t\t\t\t<h2 class=\"elementor-heading-title elementor-size-default\">How to Get Started<\/h2>\t\t\t\t<\/div>\n\t\t\t\t<\/div>\n\t\t\t\t<div class=\"elementor-element elementor-element-d6cdc88 elementor-widget elementor-widget-text-editor\" data-id=\"d6cdc88\" data-element_type=\"widget\" data-e-type=\"widget\" data-widget_type=\"text-editor.default\">\n\t\t\t\t<div class=\"elementor-widget-container\">\n\t\t\t\t\t\t\t\t\t<p><strong data-spm-anchor-id=\"5176.28103460.0.i211.6fd57d83TbpO81\">3 Steps to Access Our Laptop Battery Wholesale Program<\/strong><\/p>\n<ol>\n<li>\n<p><strong>Request Our Product List<\/strong><br>send inquiry to us<\/p>\n<\/li>\n<li>\n<p data-spm-anchor-id=\"5176.28103460.0.i210.6fd57d83TbpO81\"><strong>Submit Your Requirements<\/strong><br>Tell us your target brands, monthly volume, and destination country.<\/p>\n<\/li>\n<li>\n<p><strong>Receive a Custom Quote<\/strong><br>Get factory-direct pricing, lead time, and shipping options within 24 hours.<\/p>\n<\/li>\n<\/ol>\t\t\t\t\t\t\t\t<\/div>\n\t\t\t\t<\/div>\n\t\t\t\t<div class=\"elementor-element elementor-element-ddfb2d2 elementor-widget elementor-widget-heading\" data-id=\"ddfb2d2\" data-element_type=\"widget\" data-e-type=\"widget\" data-widget_type=\"heading.default\">\n\t\t\t\t<div class=\"elementor-widget-container\">\n\t\t\t\t\t<h2 class=\"elementor-heading-title elementor-size-default\">Start Sourcing Smart \u2014 Not Expensive<\/h2>\t\t\t\t<\/div>\n\t\t\t\t<\/div>\n\t\t\t\t<div class=\"elementor-element elementor-element-13f3095 elementor-widget elementor-widget-heading\" data-id=\"13f3095\" data-element_type=\"widget\" data-e-type=\"widget\" data-widget_type=\"heading.default\">\n\t\t\t\t<div class=\"elementor-widget-container\">\n\t\t\t\t\t<h3 class=\"elementor-heading-title elementor-size-default\">Request a Custom Quote<\/h3>\t\t\t\t<\/div>\n\t\t\t\t<\/div>\n\t\t\t\t<div class=\"elementor-element elementor-element-2443660 elementor-widget elementor-widget-wpforms\" data-id=\"2443660\" data-element_type=\"widget\" data-e-type=\"widget\" data-widget_type=\"wpforms.default\">\n\t\t\t\t<div class=\"elementor-widget-container\">\n\t\t\t\t\t<div class=\"wpforms-container \" id=\"wpforms-3183\"><form id=\"wpforms-form-3183\" class=\"wpforms-validate wpforms-form\" data-formid=\"3183\" method=\"post\" enctype=\"multipart\/form-data\" action=\"\/es\/wp-json\/wp\/v2\/pages\/8456\" data-token=\"0201a4d6d3b0dfc7826a979e7e0c3116\" data-token-time=\"1776325876\"><noscript class=\"wpforms-error-noscript\">Please enable JavaScript in your browser to complete this form.<\/noscript><div class=\"wpforms-field-container\"><div id=\"wpforms-3183-field_0-container\" class=\"wpforms-field wpforms-field-name\" data-field-id=\"0\"><label class=\"wpforms-field-label\" for=\"wpforms-3183-field_0\">Name <span class=\"wpforms-required-label\">*<\/span><\/label><input type=\"text\" id=\"wpforms-3183-field_0\" class=\"wpforms-field-small wpforms-field-required\" name=\"wpforms[fields][0]\" placeholder=\"Name\" required><\/div><div id=\"wpforms-3183-field_5-container\" class=\"wpforms-field wpforms-field-text\" data-field-id=\"5\"><label class=\"wpforms-field-label\" for=\"wpforms-3183-field_5\">Whatsapp (Optional\uff09<\/label><input type=\"text\" id=\"wpforms-3183-field_5\" class=\"wpforms-field-medium\" name=\"wpforms[fields][5]\" placeholder=\"For more convenient and direct to contact you\" ><\/div><div id=\"wpforms-3183-field_4-container\" class=\"wpforms-field wpforms-field-email\" data-field-id=\"4\"><label class=\"wpforms-field-label\" for=\"wpforms-3183-field_4\">Email <span class=\"wpforms-required-label\">*<\/span><\/label><input type=\"email\" id=\"wpforms-3183-field_4\" class=\"wpforms-field-small wpforms-field-required\" name=\"wpforms[fields][4]\" placeholder=\"Email\" spellcheck=\"false\" required><\/div><div id=\"wpforms-3183-field_2-container\" class=\"wpforms-field wpforms-field-textarea\" data-field-id=\"2\"><label class=\"wpforms-field-label\" for=\"wpforms-3183-field_2\">Message <span class=\"wpforms-required-label\">*<\/span><\/label><textarea id=\"wpforms-3183-field_2\" class=\"wpforms-field-small wpforms-field-required\" name=\"wpforms[fields][2]\" placeholder=\"&quot;We supply reliable OEM laptop accessories (batteries, chargers, screens, keyboards, fans). Let us know your specific product needs, target pricing, and quantity\u2014we\u2019ll customize a solution for you!&quot;\u200b\" required><\/textarea><\/div><\/div><!-- .wpforms-field-container --><div class=\"wpforms-field wpforms-field-hp\"><label for=\"wpforms-3183-field-hp\" class=\"wpforms-field-label\">Email<\/label><input type=\"text\" name=\"wpforms[hp]\" id=\"wpforms-3183-field-hp\" class=\"wpforms-field-medium\"><\/div><div class=\"wpforms-submit-container\" ><input type=\"hidden\" name=\"wpforms[id]\" value=\"3183\"><input type=\"hidden\" name=\"page_title\" value=\"\"><input type=\"hidden\" name=\"page_url\" value=\"https:\/\/supelectron.com\/es\/wp-json\/wp\/v2\/pages\/8456\"><input type=\"hidden\" name=\"url_referer\" value=\"\"><button type=\"submit\" name=\"wpforms[submit]\" id=\"wpforms-submit-3183\" class=\"wpforms-submit\" data-alt-text=\"Sending...\" data-submit-text=\"Send Now\" aria-live=\"assertive\" value=\"wpforms-submit\">Send Now<\/button><\/div><\/form><\/div>  <!-- .wpforms-container -->\t\t\t\t<\/div>\n\t\t\t\t<\/div>\n\t\t\t\t\t<\/div>\n\t\t\t\t<\/div>\n\t\t\t\t<\/div>\n\t\t","protected":false},"excerpt":{"rendered":"<p>Source wholesale laptop battery products directly from a certified OEM manufacturer in China\u2014no traders, no hidden markups. We specialize in [&hellip;]<\/p>\n","protected":false},"author":1,"featured_media":0,"parent":0,"menu_order":0,"comment_status":"closed","ping_status":"closed","template":"","meta":{"_seopress_robots_primary_cat":"0","_seopress_titles_title":"%%title%%","_seopress_titles_desc":"Buy OEM laptop batteries in bulk directly from a China-based factory. Low MOQ, global shipping, full certifications. Request your quote today.","_seopress_robots_index":"","site-sidebar-layout":"no-sidebar","site-content-layout":"page-builder","ast-site-content-layout":"full-width-container","site-content-style":"default","site-sidebar-style":"default","ast-global-header-display":"","ast-banner-title-visibility":"","ast-main-header-display":"","ast-hfb-above-header-display":"","ast-hfb-below-header-display":"","ast-hfb-mobile-header-display":"","site-post-title":"","ast-breadcrumbs-content":"","ast-featured-img":"disabled","footer-sml-layout":"","theme-transparent-header-meta":"","adv-header-id-meta":"","stick-header-meta":"","header-above-stick-meta":"","header-main-stick-meta":"","header-below-stick-meta":"","astra-migrate-meta-layouts":"set","ast-page-background-enabled":"default","ast-page-background-meta":{"desktop":{"background-color":"","background-image":"","background-repeat":"repeat","background-position":"center center","background-size":"auto","background-attachment":"scroll","background-type":"","background-media":"","overlay-type":"","overlay-color":"","overlay-opacity":"","overlay-gradient":""},"tablet":{"background-color":"","background-image":"","background-repeat":"repeat","background-position":"center center","background-size":"auto","background-attachment":"scroll","background-type":"","background-media":"","overlay-type":"","overlay-color":"","overlay-opacity":"","overlay-gradient":""},"mobile":{"background-color":"","background-image":"","background-repeat":"repeat","background-position":"center center","background-size":"auto","background-attachment":"scroll","background-type":"","background-media":"","overlay-type":"","overlay-color":"","overlay-opacity":"","overlay-gradient":""}},"ast-content-background-meta":{"desktop":{"background-color":"var(--ast-global-color-5)","background-image":"","background-repeat":"repeat","background-position":"center center","background-size":"auto","background-attachment":"scroll","background-type":"","background-media":"","overlay-type":"","overlay-color":"","overlay-opacity":"","overlay-gradient":""},"tablet":{"background-color":"var(--ast-global-color-5)","background-image":"","background-repeat":"repeat","background-position":"center center","background-size":"auto","background-attachment":"scroll","background-type":"","background-media":"","overlay-type":"","overlay-color":"","overlay-opacity":"","overlay-gradient":""},"mobile":{"background-color":"var(--ast-global-color-5)","background-image":"","background-repeat":"repeat","background-position":"center center","background-size":"auto","background-attachment":"scroll","background-type":"","background-media":"","overlay-type":"","overlay-color":"","overlay-opacity":"","overlay-gradient":""}},"footnotes":""},"class_list":["post-8456","page","type-page","status-publish","hentry"],"_links":{"self":[{"href":"https:\/\/supelectron.com\/es\/wp-json\/wp\/v2\/pages\/8456","targetHints":{"allow":["GET"]}}],"collection":[{"href":"https:\/\/supelectron.com\/es\/wp-json\/wp\/v2\/pages"}],"about":[{"href":"https:\/\/supelectron.com\/es\/wp-json\/wp\/v2\/types\/page"}],"author":[{"embeddable":true,"href":"https:\/\/supelectron.com\/es\/wp-json\/wp\/v2\/users\/1"}],"replies":[{"embeddable":true,"href":"https:\/\/supelectron.com\/es\/wp-json\/wp\/v2\/comments?post=8456"}],"version-history":[{"count":7,"href":"https:\/\/supelectron.com\/es\/wp-json\/wp\/v2\/pages\/8456\/revisions"}],"predecessor-version":[{"id":8749,"href":"https:\/\/supelectron.com\/es\/wp-json\/wp\/v2\/pages\/8456\/revisions\/8749"}],"wp:attachment":[{"href":"https:\/\/supelectron.com\/es\/wp-json\/wp\/v2\/media?parent=8456"}],"curies":[{"name":"wp","href":"https:\/\/api.w.org\/{rel}","templated":true}]}}